{"id":10352,"date":"2017-08-28T18:21:40","date_gmt":"2017-08-28T17:21:40","guid":{"rendered":"http:\/\/carrossierdeloutaouais.com\/rendez-vous-destimation\/"},"modified":"2024-10-07T12:15:07","modified_gmt":"2024-10-07T16:15:07","slug":"evaluation-appointment","status":"publish","type":"page","link":"https:\/\/carrossierdeloutaouais.com\/en\/evaluation-appointment\/","title":{"rendered":"Evaluation appointment"},"content":{"rendered":"<div class=\"row \"><div class=\"wpv-grid grid-1-1  wpv-first-level first unextended\" style=\"padding-top:0px;padding-bottom:0px\" id=\"wpv-column-9642cb6ed124106ca41412c792c7bfa7\" ><p>No matter how you use your <strong>vehicle<\/strong>, its <strong>body<\/strong> will be host to any number of imperfections over the course of its life, including <strong>scratches, dents, chips<\/strong> in the <strong>windshield<\/strong>, and <strong>faded paint<\/strong>. No vehicle is immune to the ravages of time. At the <strong>Carrossier de l&#8217;Outaouais<\/strong>, you can get all your vehicle\u2019s <strong>cosmetic repairs<\/strong> done under the same roof. Whether you\u2019ve been in an accident (regardless of fault) or just want to give your vehicle a \u201cshowroom finish\u201d, make an appointment with our team for an estimate. Call us or <strong>contact us using the form below<\/strong>, and one of our representatives will get back to you as soon as possible.<\/p>\n<p>Estimate by appointment only and in addition for any estimate, a fee of $52.19 + taxes = $60 will be applicable, everything will be refunded to you once the repairs have been carried out!<\/p>\n<p>Every customer is important to us. Treat your auto to the utmost in care with the <strong>Carrossier de l&#8217;Outaouais<\/strong> in <strong>Gatineau<\/strong>!<\/p>\n<p>Contact us today: <a href=\"tel:8192434244\">(819) 243-4244<\/a><\/p>\n<p><strong>Notice<\/strong><\/p>\n<p>Please note that since August 1st 2024, we no longer repair European vehicles such as Audi, BMW, Mercedes, Volvo, etc&#8230;<\/p>\n<p>Thank you, the management team.<\/div><\/div>\n<div class=\"row \"><div class=\"wpv-grid grid-1-1  wpv-first-level first unextended\" style=\"padding-top:0px;padding-bottom:0px\" id=\"wpv-column-df928d80e690c9035ba7d98b8f7d42b6\" ><div id=\"pswidgetContainer\"><\/div>\n<p><script><br \/>\n        progi.bookingWidget.init({<br \/>\n        webKey: '3pcJdlWaj7EwkUXT0Maj69NcIGNYzmDG',  \/* \u00c9tape 3.1 : Cl\u00e9 web fournie dans l'interface ProgiSync du fournisseur. *\/<br \/>\n        containerElementId: 'pswidgetContainer',  \/* \u00c9tape 3.2 : L'identifiant du DIV o\u00f9 s'ins\u00e8re le widget, ex. 'pswidgetContainer' dans ce cas. *\/<br \/>\n\tlang: 'en',                               \/* \u00c9tape 3.3 : D\u00e9finir la langue d'affichage. fr = Fran\u00e7ais, en = Anglais *\/<br \/>\n        myLabels: null,                           \/* Optional: Red\u00e9finition des labels. Pour l'activer, remplacez null par<br \/>\n                                                     labels et d\u00e9commentez la d\u00e9claration de la variable labels ci-dessus. *\/<br \/>\n        extraRequiredFields: null                 \/* Optional: Liste de champs suppl\u00e9mentaires \u00e0 mettre obligatoires. Pour l'activer, remplacez null par<br \/>\n                                                     extraRequiredFields et d\u00e9commentez la d\u00e9claration de la variable extraRequiredFields ci-dessus. *\/<br \/>\n    });<br \/>\n<\/script><\/div><\/div>\n","protected":false},"excerpt":{"rendered":"<p>No matter how you use your vehicle, its body will be host to any number of imperfections over the course of its life, including scratches, dents, chips in the windshield, and faded paint. No vehicle is immune to the ravages of time. At the Carrossier de l&#8217;Outaouais, you can get all your vehicle\u2019s cosmetic repairs&#8230;<\/p>\n","protected":false},"author":1,"featured_media":0,"parent":0,"menu_order":0,"comment_status":"closed","ping_status":"closed","template":"","meta":{"footnotes":""},"yoast_head":"<!-- This site is optimized with the Yoast SEO plugin v21.5 - https:\/\/yoast.com\/wordpress\/plugins\/seo\/ -->\n<title>Appointment for body shop repairs in Gatineau | Carrossier de l&#039;Outaouais<\/title>\n<meta name=\"description\" content=\"At the Outaouais Body Shop, the scratches, dents, chips in the windshield, and faded paint will be repaired by professionnal in our Body Shop.\" \/>\n<meta name=\"robots\" content=\"index, follow, max-snippet:-1, max-image-preview:large, max-video-preview:-1\" \/>\n<link rel=\"canonical\" href=\"https:\/\/carrossierdeloutaouais.com\/en\/evaluation-appointment\/\" \/>\n<meta property=\"og:locale\" content=\"en_US\" \/>\n<meta property=\"og:type\" content=\"article\" \/>\n<meta property=\"og:title\" content=\"Appointment for body shop repairs in Gatineau | Carrossier de l&#039;Outaouais\" \/>\n<meta property=\"og:description\" content=\"At the Outaouais Body Shop, the scratches, dents, chips in the windshield, and faded paint will be repaired by professionnal in our Body Shop.\" \/>\n<meta property=\"og:url\" content=\"https:\/\/carrossierdeloutaouais.com\/en\/evaluation-appointment\/\" \/>\n<meta property=\"og:site_name\" content=\"Carossier de l&#039;Outaouais\" \/>\n<meta property=\"article:modified_time\" content=\"2024-10-07T16:15:07+00:00\" \/>\n<meta name=\"twitter:card\" content=\"summary_large_image\" \/>\n<meta name=\"twitter:label1\" content=\"Est. reading time\" \/>\n\t<meta name=\"twitter:data1\" content=\"2 minutes\" \/>\n<script type=\"application\/ld+json\" class=\"yoast-schema-graph\">{\"@context\":\"https:\/\/schema.org\",\"@graph\":[{\"@type\":\"WebPage\",\"@id\":\"https:\/\/carrossierdeloutaouais.com\/en\/evaluation-appointment\/\",\"url\":\"https:\/\/carrossierdeloutaouais.com\/en\/evaluation-appointment\/\",\"name\":\"Appointment for body shop repairs in Gatineau | Carrossier de l'Outaouais\",\"isPartOf\":{\"@id\":\"https:\/\/carrossierdeloutaouais.com\/#website\"},\"datePublished\":\"2017-08-28T17:21:40+00:00\",\"dateModified\":\"2024-10-07T16:15:07+00:00\",\"description\":\"At the Outaouais Body Shop, the scratches, dents, chips in the windshield, and faded paint will be repaired by professionnal in our Body Shop.\",\"breadcrumb\":{\"@id\":\"https:\/\/carrossierdeloutaouais.com\/en\/evaluation-appointment\/#breadcrumb\"},\"inLanguage\":\"en-US\",\"potentialAction\":[{\"@type\":\"ReadAction\",\"target\":[\"https:\/\/carrossierdeloutaouais.com\/en\/evaluation-appointment\/\"]}]},{\"@type\":\"BreadcrumbList\",\"@id\":\"https:\/\/carrossierdeloutaouais.com\/en\/evaluation-appointment\/#breadcrumb\",\"itemListElement\":[{\"@type\":\"ListItem\",\"position\":1,\"name\":\"Accueil\",\"item\":\"https:\/\/carrossierdeloutaouais.com\/en\/\"},{\"@type\":\"ListItem\",\"position\":2,\"name\":\"Evaluation appointment\"}]},{\"@type\":\"WebSite\",\"@id\":\"https:\/\/carrossierdeloutaouais.com\/#website\",\"url\":\"https:\/\/carrossierdeloutaouais.com\/\",\"name\":\"Carossier de l&#039;Outaouais\",\"description\":\"\",\"potentialAction\":[{\"@type\":\"SearchAction\",\"target\":{\"@type\":\"EntryPoint\",\"urlTemplate\":\"https:\/\/carrossierdeloutaouais.com\/?s={search_term_string}\"},\"query-input\":\"required name=search_term_string\"}],\"inLanguage\":\"en-US\"}]}<\/script>\n<!-- \/ Yoast SEO plugin. -->","yoast_head_json":{"title":"Appointment for body shop repairs in Gatineau | Carrossier de l'Outaouais","description":"At the Outaouais Body Shop, the scratches, dents, chips in the windshield, and faded paint will be repaired by professionnal in our Body Shop.","robots":{"index":"index","follow":"follow","max-snippet":"max-snippet:-1","max-image-preview":"max-image-preview:large","max-video-preview":"max-video-preview:-1"},"canonical":"https:\/\/carrossierdeloutaouais.com\/en\/evaluation-appointment\/","og_locale":"en_US","og_type":"article","og_title":"Appointment for body shop repairs in Gatineau | Carrossier de l'Outaouais","og_description":"At the Outaouais Body Shop, the scratches, dents, chips in the windshield, and faded paint will be repaired by professionnal in our Body Shop.","og_url":"https:\/\/carrossierdeloutaouais.com\/en\/evaluation-appointment\/","og_site_name":"Carossier de l&#039;Outaouais","article_modified_time":"2024-10-07T16:15:07+00:00","twitter_card":"summary_large_image","twitter_misc":{"Est. reading time":"2 minutes"},"schema":{"@context":"https:\/\/schema.org","@graph":[{"@type":"WebPage","@id":"https:\/\/carrossierdeloutaouais.com\/en\/evaluation-appointment\/","url":"https:\/\/carrossierdeloutaouais.com\/en\/evaluation-appointment\/","name":"Appointment for body shop repairs in Gatineau | Carrossier de l'Outaouais","isPartOf":{"@id":"https:\/\/carrossierdeloutaouais.com\/#website"},"datePublished":"2017-08-28T17:21:40+00:00","dateModified":"2024-10-07T16:15:07+00:00","description":"At the Outaouais Body Shop, the scratches, dents, chips in the windshield, and faded paint will be repaired by professionnal in our Body Shop.","breadcrumb":{"@id":"https:\/\/carrossierdeloutaouais.com\/en\/evaluation-appointment\/#breadcrumb"},"inLanguage":"en-US","potentialAction":[{"@type":"ReadAction","target":["https:\/\/carrossierdeloutaouais.com\/en\/evaluation-appointment\/"]}]},{"@type":"BreadcrumbList","@id":"https:\/\/carrossierdeloutaouais.com\/en\/evaluation-appointment\/#breadcrumb","itemListElement":[{"@type":"ListItem","position":1,"name":"Accueil","item":"https:\/\/carrossierdeloutaouais.com\/en\/"},{"@type":"ListItem","position":2,"name":"Evaluation appointment"}]},{"@type":"WebSite","@id":"https:\/\/carrossierdeloutaouais.com\/#website","url":"https:\/\/carrossierdeloutaouais.com\/","name":"Carossier de l&#039;Outaouais","description":"","potentialAction":[{"@type":"SearchAction","target":{"@type":"EntryPoint","urlTemplate":"https:\/\/carrossierdeloutaouais.com\/?s={search_term_string}"},"query-input":"required name=search_term_string"}],"inLanguage":"en-US"}]}},"_links":{"self":[{"href":"https:\/\/carrossierdeloutaouais.com\/en\/wp-json\/wp\/v2\/pages\/10352"}],"collection":[{"href":"https:\/\/carrossierdeloutaouais.com\/en\/wp-json\/wp\/v2\/pages"}],"about":[{"href":"https:\/\/carrossierdeloutaouais.com\/en\/wp-json\/wp\/v2\/types\/page"}],"author":[{"embeddable":true,"href":"https:\/\/carrossierdeloutaouais.com\/en\/wp-json\/wp\/v2\/users\/1"}],"replies":[{"embeddable":true,"href":"https:\/\/carrossierdeloutaouais.com\/en\/wp-json\/wp\/v2\/comments?post=10352"}],"version-history":[{"count":5,"href":"https:\/\/carrossierdeloutaouais.com\/en\/wp-json\/wp\/v2\/pages\/10352\/revisions"}],"predecessor-version":[{"id":10615,"href":"https:\/\/carrossierdeloutaouais.com\/en\/wp-json\/wp\/v2\/pages\/10352\/revisions\/10615"}],"wp:attachment":[{"href":"https:\/\/carrossierdeloutaouais.com\/en\/wp-json\/wp\/v2\/media?parent=10352"}],"curies":[{"name":"wp","href":"https:\/\/api.w.org\/{rel}","templated":true}]}}